{"id":1061,"date":"2021-06-23T06:43:47","date_gmt":"2021-06-23T09:43:47","guid":{"rendered":"https:\/\/teatrovilavelha.com.br\/memoria\/?page_id=1061"},"modified":"2021-06-26T01:07:50","modified_gmt":"2021-06-26T04:07:50","slug":"o-projeto","status":"publish","type":"page","link":"https:\/\/teatrovilavelha.com.br\/memoria\/o-projeto\/","title":{"rendered":"O Projeto"},"content":{"rendered":"\t\t<div data-elementor-type=\"wp-page\" data-elementor-id=\"1061\" class=\"elementor elementor-1061\" data-elementor-post-type=\"page\">\n\t\t\t\t\t\t<section class=\"elementor-section elementor-top-section elementor-element elementor-element-1c878cf elementor-section-height-min-height elementor-section-boxed elementor-section-height-default elementor-section-items-middle\" data-id=\"1c878cf\" data-element_type=\"section\" data-settings=\"{&quot;background_background&quot;:&quot;classic&quot;}\">\n\t\t\t\t\t\t\t<div class=\"elementor-background-overlay\"><\/div>\n\t\t\t\t\t\t\t<div class=\"elementor-container elementor-column-gap-default\">\n\t\t\t\t\t<div class=\"elementor-column elementor-col-100 elementor-top-column elementor-element elementor-element-e3fd46e\" data-id=\"e3fd46e\" data-element_type=\"column\">\n\t\t\t<div class=\"elementor-widget-wrap elementor-element-populated\">\n\t\t\t\t\t\t<div class=\"elementor-element elementor-element-b0f8ec9 elementor-widget elementor-widget-heading\" data-id=\"b0f8ec9\" data-element_type=\"widget\" data-widget_type=\"heading.default\">\n\t\t\t\t<div class=\"elementor-widget-container\">\n\t\t\t\t\t<h1 class=\"elementor-heading-title elementor-size-default\">O Projeto<\/h1>\t\t\t\t<\/div>\n\t\t\t\t<\/div>\n\t\t\t\t<div class=\"elementor-element elementor-element-32bfbac elementor-widget elementor-widget-text-editor\" data-id=\"32bfbac\" data-element_type=\"widget\" data-widget_type=\"text-editor.default\">\n\t\t\t\t<div class=\"elementor-widget-container\">\n\t\t\t\t\t\t\t\t\t<p>Este site foi criado atrav\u00e9s do projeto piloto contemplado pela Lei Aldir Blanc Bahia de emerg\u00eancia cultural entitulado \u201cUma d\u00e9cada no Teatro Vila Velha &#8211; de 1994 a 2004\u201d com o objetivo de organizar e disponibilizar o acervo digital da d\u00e9cada 1994-2004 do Vila.<\/p><p>Outras d\u00e9cadas ser\u00e3o organizadas e disponibilizadas aqui atrav\u00e9s de novas fontes de financiamento.<\/p><p>O Teatro Vila Velha guarda documentos organizados e preservados que contam boa parte da hist\u00f3ria do teatro baiano. Com este projeto foi poss\u00edvel iniciar o processo de preencher lacunas, completar informa\u00e7\u00f5es e torn\u00e1-las acess\u00edveis, preservando uma d\u00e9cada do teatro pouco divulgada e conhecida. O intuito desde acervo digital \u00e9 disponibilizar todo o material que o teatro abriga. \u00c9 dedicado a pesquisadores, artistas e ao p\u00fablico que se interessa e quer conhecer, se inspirar, criar novas obras ou at\u00e9 mesmo divulgar a hist\u00f3ria do teatro brasileiro.<\/p><p>Este \u00e9 o portal de acesso a essa documenta\u00e7\u00e3o para todos interessados no Vila, no teatro, e na cultura da Bahia.<\/p><p>A d\u00e9cada de 1994 a 2004 foi escolhida como ponto de partida do site por ser um per\u00edodo da reconstru\u00e7\u00e3o e revitaliza\u00e7\u00e3o do Vila e que envolveu muitas atividades durante e ap\u00f3s a reforma arquitet\u00f4nica do espa\u00e7o. \u00c9 nessa \u00e9poca em que um grupo de artistas se une \u00e0 Sociedade Teatro dos Novos e reconstr\u00f3i o teatro com o Projeto Novo Vila. Atrav\u00e9s dele, foi criada a Sol Movimento da Cena; restaurada a Companhia Teatro dos Novos; consolidado o Bando de Teatro Olodum; criados, entre outros, os grupos Viladan\u00e7a, VilaVox, Cia de Teatro Novos Novos e A Outra Companhia de Teatro; criados, entre outros, os projetos Meia Noite se Improvisa, Baila Vila, Oficinas Vila Ver\u00e3o e Teatro de Cabo a Rabo &#8211; que aproximou a produ\u00e7\u00e3o c\u00eanica de outros munic\u00edpios, trazendo a diversidade do interior para o Vila; e se deu o come\u00e7o das carreiras de L\u00e1zaro Ramos, Wagner Moura, Virg\u00ednia Rodrigues e outros artistas que ganharam reconhecimento nacional e internacional. \u00c9 tamb\u00e9m nessa \u00e9poca que o Vila passa pela reconstru\u00e7\u00e3o que transforma o teatro galp\u00e3o num teatro contempor\u00e2neo com salas de ensaio, caf\u00e9-teatro e um palco capaz de se transformar em v\u00e1rias configura\u00e7\u00f5es palco\/plat\u00e9ia, por\u00e9m conservando o esp\u00edrito do lugar de encontros e acolhimento a novas propostas e novos caminhos.<\/p><p>O projeto tem apoio financeiro do Estado da Bahia atrav\u00e9s da Secretaria de Cultura e da Funda\u00e7\u00e3o Pedro Calmon (Programa Aldir Blanc Bahia) via Lei Aldir Blanc, direcionada pela Secretaria Especial da Cultura do Minist\u00e9rio do Turismo, Governo Federal.<\/p>\t\t\t\t\t\t\t\t<\/div>\n\t\t\t\t<\/div>\n\t\t\t\t<section class=\"elementor-section elementor-inner-section elementor-element elementor-element-d349bee elementor-section-content-middle elementor-section-boxed elementor-section-height-default elementor-section-height-default\" data-id=\"d349bee\" data-element_type=\"section\" data-settings=\"{&quot;background_background&quot;:&quot;classic&quot;}\">\n\t\t\t\t\t\t<div class=\"elementor-container elementor-column-gap-default\">\n\t\t\t\t\t<div class=\"elementor-column elementor-col-100 elementor-inner-column elementor-element elementor-element-6616290\" data-id=\"6616290\" data-element_type=\"column\">\n\t\t\t<div class=\"elementor-widget-wrap elementor-element-populated\">\n\t\t\t\t\t\t<div class=\"elementor-element elementor-element-7bb6b11 elementor-hidden-phone elementor-widget elementor-widget-image\" data-id=\"7bb6b11\" data-element_type=\"widget\" data-widget_type=\"image.default\">\n\t\t\t\t<div class=\"elementor-widget-container\">\n\t\t\t\t\t\t\t\t\t\t\t\t\t\t\t<img decoding=\"async\" width=\"800\" height=\"53\" src=\"https:\/\/teatrovilavelha.com.br\/memoria\/wp-content\/uploads\/2021\/06\/Regua-Horizontal@2x-1024x68.png\" class=\"attachment-large size-large wp-image-1153\" alt=\"\" srcset=\"https:\/\/teatrovilavelha.com.br\/memoria\/wp-content\/uploads\/2021\/06\/Regua-Horizontal@2x-1024x68.png 1024w, https:\/\/teatrovilavelha.com.br\/memoria\/wp-content\/uploads\/2021\/06\/Regua-Horizontal@2x-300x20.png 300w, https:\/\/teatrovilavelha.com.br\/memoria\/wp-content\/uploads\/2021\/06\/Regua-Horizontal@2x-768x51.png 768w, https:\/\/teatrovilavelha.com.br\/memoria\/wp-content\/uploads\/2021\/06\/Regua-Horizontal@2x-1536x102.png 1536w, https:\/\/teatrovilavelha.com.br\/memoria\/wp-content\/uploads\/2021\/06\/Regua-Horizontal@2x.png 1549w\" sizes=\"(max-width: 800px) 100vw, 800px\" \/>\t\t\t\t\t\t\t\t\t\t\t\t\t\t\t<\/div>\n\t\t\t\t<\/div>\n\t\t\t\t<div class=\"elementor-element elementor-element-1418006 elementor-hidden-desktop elementor-hidden-tablet elementor-widget elementor-widget-image\" data-id=\"1418006\" data-element_type=\"widget\" data-widget_type=\"image.default\">\n\t\t\t\t<div class=\"elementor-widget-container\">\n\t\t\t\t\t\t\t\t\t\t\t\t\t\t\t<img fetchpriority=\"high\" decoding=\"async\" width=\"261\" height=\"721\" src=\"https:\/\/teatrovilavelha.com.br\/memoria\/wp-content\/uploads\/2021\/06\/Regua-Vertical@2x.png\" class=\"attachment-large size-large wp-image-1154\" alt=\"\" srcset=\"https:\/\/teatrovilavelha.com.br\/memoria\/wp-content\/uploads\/2021\/06\/Regua-Vertical@2x.png 261w, https:\/\/teatrovilavelha.com.br\/memoria\/wp-content\/uploads\/2021\/06\/Regua-Vertical@2x-109x300.png 109w\" sizes=\"(max-width: 261px) 100vw, 261px\" \/>\t\t\t\t\t\t\t\t\t\t\t\t\t\t\t<\/div>\n\t\t\t\t<\/div>\n\t\t\t\t\t<\/div>\n\t\t<\/div>\n\t\t\t\t\t<\/div>\n\t\t<\/section>\n\t\t\t\t\t<\/div>\n\t\t<\/div>\n\t\t\t\t\t<\/div>\n\t\t<\/section>\n\t\t\t\t<\/div>\n\t\t","protected":false},"excerpt":{"rendered":"<p>O Projeto Este site foi criado atrav\u00e9s do projeto piloto contemplado pela Lei Aldir Blanc Bahia de emerg\u00eancia cultural entitulado \u201cUma d\u00e9cada no Teatro Vila Velha &#8211; de 1994 a 2004\u201d com o objetivo de organizar e disponibilizar o acervo digital da d\u00e9cada 1994-2004 do Vila. Outras d\u00e9cadas ser\u00e3o organizadas e disponibilizadas aqui atrav\u00e9s de [&hellip;]<\/p>\n","protected":false},"author":1,"featured_media":0,"parent":0,"menu_order":0,"comment_status":"closed","ping_status":"closed","template":"","meta":{"footnotes":""},"class_list":["post-1061","page","type-page","status-publish","hentry"],"_links":{"self":[{"href":"https:\/\/teatrovilavelha.com.br\/memoria\/wp-json\/wp\/v2\/pages\/1061","targetHints":{"allow":["GET"]}}],"collection":[{"href":"https:\/\/teatrovilavelha.com.br\/memoria\/wp-json\/wp\/v2\/pages"}],"about":[{"href":"https:\/\/teatrovilavelha.com.br\/memoria\/wp-json\/wp\/v2\/types\/page"}],"author":[{"embeddable":true,"href":"https:\/\/teatrovilavelha.com.br\/memoria\/wp-json\/wp\/v2\/users\/1"}],"replies":[{"embeddable":true,"href":"https:\/\/teatrovilavelha.com.br\/memoria\/wp-json\/wp\/v2\/comments?post=1061"}],"version-history":[{"count":13,"href":"https:\/\/teatrovilavelha.com.br\/memoria\/wp-json\/wp\/v2\/pages\/1061\/revisions"}],"predecessor-version":[{"id":1163,"href":"https:\/\/teatrovilavelha.com.br\/memoria\/wp-json\/wp\/v2\/pages\/1061\/revisions\/1163"}],"wp:attachment":[{"href":"https:\/\/teatrovilavelha.com.br\/memoria\/wp-json\/wp\/v2\/media?parent=1061"}],"curies":[{"name":"wp","href":"https:\/\/api.w.org\/{rel}","templated":true}]}}